{"id":487,"date":"2020-01-29T15:54:56","date_gmt":"2020-01-29T14:54:56","guid":{"rendered":"https:\/\/salons.weyou-cms.com\/seminaire-expo\/exhibitor-list"},"modified":"2025-12-01T09:30:11","modified_gmt":"2025-12-01T08:30:11","slug":"exhibitor-list","status":"publish","type":"page","link":"https:\/\/www.seminaire-expo.fr\/en\/exhibitor-list","title":{"rendered":"Exhibitor List"},"content":{"rendered":"<div class=\"wpb-content-wrapper\"><p>[vc_row][vc_column]\n\t\t\t<!-- START Banni\u00e8re pages REVOLUTION SLIDER 6.6.7 --><p class=\"rs-p-wp-fix\"><\/p>\n\t\t\t<rs-module-wrap id=\"rev_slider_8_1_wrapper\" data-source=\"post\" style=\"visibility:hidden;background:#acacac;padding:0;margin:0px auto;margin-top:0;margin-bottom:0;\">\n\t\t\t\t<rs-module id=\"rev_slider_8_1\" style=\"\" data-version=\"6.6.7\">\n\t\t\t\t\t<rs-slides style=\"overflow: hidden; position: absolute;\">\n\t\t\t\t\t\t<rs-slide style=\"position: absolute;\" data-key=\"rs-487\" data-title=\"Exhibitor List\" data-in=\"o:0;\" data-out=\"a:false;\">\n\t\t\t\t\t\t\t<img decoding=\"async\" src=\"\/\/www.seminaire-expo.fr\/wp-content\/plugins\/revslider\/public\/assets\/assets\/dummy.png\" alt=\"\" title=\"SE_bandeau-rubriques-1920&#215;300-24\" width=\"1920\" height=\"300\" class=\"rev-slidebg tp-rs-img rs-lazyload\" data-lazyload=\"\/\/weyoumedia.blob.core.windows.net\/seminaire-expo\/sites\/4\/2024\/06\/SE_bandeau-rubriques-1920x300-24.jpg\" data-bg=\"p:right center;\" data-no-retina>\n<!--\n\t\t\t\t\t\t\t--><rs-layer\n\t\t\t\t\t\t\t\tid=\"slider-8-slide-487-layer-1\" \n\t\t\t\t\t\t\t\tdata-type=\"text\"\n\t\t\t\t\t\t\t\tdata-xy=\"x:l,l,l,c;xo:135px,27px,27px,0;y:m;\"\n\t\t\t\t\t\t\t\tdata-text=\"w:normal;s:50;l:53;fw:500;a:left,left,left,center;\"\n\t\t\t\t\t\t\t\tdata-dim=\"w:60%,70%,70%,90%;\"\n\t\t\t\t\t\t\t\tdata-frame_999=\"o:0;st:w;\"\n\t\t\t\t\t\t\t\tstyle=\"z-index:8;font-family:'Poppins';text-transform:uppercase;\"\n\t\t\t\t\t\t\t><h1>Exhibitor List<\/h1><p><\/p> \n\t\t\t\t\t\t\t<\/rs-layer><!--\n-->\t\t\t\t\t\t<\/rs-slide>\n\t\t\t\t\t<\/rs-slides>\n\t\t\t\t\t<rs-static-layers><!--\n\t\t\t\t\t--><\/rs-static-layers>\n\t\t\t\t<\/rs-module>\n\t\t\t\t<script>\n\t\t\t\t\tsetREVStartSize({c: 'rev_slider_8_1',rl:[1240,1024,778,480],el:[300,200,200,300],gw:[1650,1024,778,480],gh:[300,300,300,300],type:'hero',justify:'',layout:'fullwidth',mh:\"450\"});if (window.RS_MODULES!==undefined && window.RS_MODULES.modules!==undefined && window.RS_MODULES.modules[\"revslider81\"]!==undefined) {window.RS_MODULES.modules[\"revslider81\"].once = false;window.revapi8 = undefined;if (window.RS_MODULES.checkMinimal!==undefined) window.RS_MODULES.checkMinimal()}\n\t\t\t\t<\/script>\n\t\t\t<\/rs-module-wrap>\n\t\t\t<!-- END REVOLUTION SLIDER -->\n[\/vc_column][\/vc_row][vc_section][vc_row][vc_column]<div id=\"wyvc-section-title-5679\" class=\"wyvc-section-title wyvc-shortcode wyvc-section-title-1 \">\r\n\t<div class=\"wyvc-st-inner\">\r\n\t\t\t\t\t<p class=\"wyvc-st-title\">\r\n\t\t\t\tList of exhibitors\t\t\t<\/p>\r\n\t\t\t\t\t<\/div>\r\n<\/div>\r\n<style type=\"text\/css\">#wyvc-section-title-5679.wyvc-section-title-1 .wyvc-st-title::before{content:'SEMINAIRE EXPO'}<\/style>\r\n[vc_row_inner][vc_column_inner][vc_column_text css=&#8221;&#8221;]The list of 2026 exhibitors is not available yet.[\/vc_column_text][\/vc_column_inner][\/vc_row_inner][vc_row_inner disable_element=&#8221;yes&#8221;][vc_column_inner]\r\n\t\t\t<div class=\"weyou-exhibitors-shorcode\" style=\"display: none;\">\r\n\t\t\t<div class=\"weyou-exhibitors-toolbar\">\r\n\t\t\t\t<div class=\"toolbar-row\">\r\n\t\t\t\t\t<div class=\"weyou-exhibitors-sort\">\r\n\t\t\t\t\t\t<span class=\"option-label\">Sort<\/span>\r\n\t\t\t\t\t\t<select class=\"sort\">\r\n\t\t\t\t\t\t\t<option value=\"asc\" selected>Company name A-Z<\/option>\r\n\t\t\t\t\t\t\t<option value=\"desc\">Company name Z-A<\/option>\r\n\t\t\t\t\t\t<\/select>\r\n\t\t\t\t\t<\/div>\r\n\t\t\t\t\t<span class=\"option-label\">Per page<\/span>\r\n\t\t\t\t\t<select class=\"perpage\">\r\n\t\t\t\t\t\t<option value=\"10\">10<\/option>\r\n\t\t\t\t\t\t<option value=\"15\" selected>15<\/option>\r\n\t\t\t\t\t\t<option value=\"30\">30<\/option>\r\n\t\t\t\t\t\t<option value=\"60\">60<\/option>\r\n\t\t\t\t\t<\/select>\r\n\t\t\t\t\t<span class=\"option-label\">Layout<\/span>\r\n\t\t\t\t\t<div class=\"layout-switcher\">\r\n\t\t\t\t\t\t<a href=\"#\" class=\"grid-layout active\"><svg xmlns=\"http:\/\/www.w3.org\/2000\/svg\" viewBox=\"0 -960 960 960\"><path d=\"M200-120q-33 0-56.5-23.5T120-200v-560q0-33 23.5-56.5T200-840h560q33 0 56.5 23.5T840-760v560q0 33-23.5 56.5T760-120H200Zm0-80h133v-133H200v133Zm213 0h134v-133H413v133Zm214 0h133v-133H627v133ZM200-413h133v-134H200v134Zm213 0h134v-134H413v134Zm214 0h133v-134H627v134ZM200-627h133v-133H200v133Zm213 0h134v-133H413v133Zm214 0h133v-133H627v133Z\"\/><\/svg><\/a>\r\n\t\t\t\t\t\t<a href=\"#\" class=\"list-layout\"><svg xmlns=\"http:\/\/www.w3.org\/2000\/svg\" viewBox=\"0 -960 960 960\"><path d=\"M760-360v-80H200v80h560Zm0-160v-80H200v80h560Zm0-160v-80H200v80h560ZM200-120q-33 0-56.5-23.5T120-200v-560q0-33 23.5-56.5T200-840h560q33 0 56.5 23.5T840-760v560q0 33-23.5 56.5T760-120H200Zm560-80v-80H200v80h560Z\"\/><\/svg><\/a>\r\n\t\t\t\t\t<\/div><!-- .layout-switcher -->\r\n\t\t\t\t<\/div><!-- .toolbar-row -->\r\n\t\t\t<\/div><!-- .weyou-exhibitors-toolbar -->[\/vc_column_inner][\/vc_row_inner][\/vc_column][\/vc_row][vc_row disable_element=&#8221;yes&#8221;][vc_column width=&#8221;1\/2&#8243;][vc_column_text]<\/p>\n<h2>A<\/h2>\n<p>AC HOTEL &amp; RESIDENCE INN BY MARRIOTT STRASBOURG<\/p>\n<p>ANNECY TOURISME &amp; CONGRES<\/p>\n<p>ARTIST TEAM<\/p>\n<p>ATYPIO<\/p>\n<p>&nbsp;<\/p>\n<h2>B<\/h2>\n<p>BAM KARAOKE BOX<\/p>\n<p>BEST WESTERN H\u00d4TELS &amp; RESORTS<\/p>\n<p>&nbsp;<\/p>\n<h2>C<\/h2>\n<p>CERZA SAFARI LODGE<\/p>\n<p>CH\u00c2TEAU DE SAINT-JEAN DE BEAUREGARD<\/p>\n<p>CH\u00c2TEAU DES BROYERS<\/p>\n<p>CH\u00c2TEAU DU BOIS GUY<\/p>\n<p>CH\u00c2TEAU PIMO<\/p>\n<p>CLIMBING &amp; CARE<\/p>\n<p>&nbsp;<\/p>\n<h2>D<\/h2>\n<p>DOTMAP<\/p>\n<p>&nbsp;<\/p>\n<h2>F<\/h2>\n<p>FORT PELISSIER<\/p>\n<p>&nbsp;<\/p>\n<h2>G<\/h2>\n<p>GROUPE FIMINCO<\/p>\n<p>GROUPE LA M\u00c8RE POULARD &#8211; MONT ST MICHEL<\/p>\n<p>&nbsp;<\/p>\n<h2>H<\/h2>\n<p>HALL U NEED<\/p>\n<p>H\u00d4TEL &amp; SPA LES SEPT FONTAINES<\/p>\n<p>H\u00d4TEL MACON PANORAMA<\/p>\n<p>HUMANXPERIENCE<\/p>\n<p>&nbsp;<\/p>\n<h2>I<\/h2>\n<p>INWE &#8211; ESCAPE GAME<\/p>\n<p>&nbsp;<\/p>\n<h2>L<\/h2>\n<p>LA VIENNE DESTINATION AFFAIRES<\/p>\n<p>LA VILLA VICHA<\/p>\n<p>LE CORDON BLEU PARIS<\/p>\n<p>LE NIDA<\/p>\n<p>LES ARCS BOURG SAINT MAURICE TOURISME<\/p>\n<p>LES COQS EN PATE<\/p>\n<p>L&#8217;ESPRIT SEMINAIRE<\/p>\n<p>LJ HOTELS &amp; CO.<\/p>\n<p>LUMIGNY SAFARI R\u00c9SERVE[\/vc_column_text][\/vc_column][vc_column width=&#8221;1\/2&#8243;][vc_column_text]<\/p>\n<h2>M<\/h2>\n<p>MARCOPOLETTE<\/p>\n<p>MERCURE PARIS VAL DE FONTENAY &#8211; PARIS ORLY RUNGIS<\/p>\n<p>MORBIHAN AFFAIRES<\/p>\n<p>MY NAI\u2019A EVENT<\/p>\n<p>&nbsp;<\/p>\n<h2>O<\/h2>\n<p>OFFICE DE TOURISME SEINE EURE<\/p>\n<p>&nbsp;<\/p>\n<h2>P<\/h2>\n<p>PALAIS DES CONGR\u00c8S | PARC DES EXPOSITIONS STRASBOURG<\/p>\n<p>PARIS COUNTRY CLUB<\/p>\n<p>PROVENCE RUGBY<\/p>\n<p>&nbsp;<\/p>\n<h2>R<\/h2>\n<p>RADISSON HOTEL AIX EN PROVENCE<\/p>\n<p>ROYAL PALACE<\/p>\n<p>&nbsp;<\/p>\n<h2>S<\/h2>\n<p>SAISONS TRAITEUR<\/p>\n<p>SPIRIT OF DUNKERQUE<\/p>\n<p>STRASBOURG CONVENTION BUREAU<\/p>\n<p>&nbsp;<\/p>\n<h2>T<\/h2>\n<p>TAKAMAKA<\/p>\n<p>TEAM CUBA PERCUSSIONS<\/p>\n<p>TEMPUS GAME COLLECTION<\/p>\n<p>TERRES DE NATURES<\/p>\n<p>TOULOUSE TEAM MEETINGS<\/p>\n<p>&nbsp;<\/p>\n<h2>V<\/h2>\n<p>VAL THORENS<\/p>\n<p>VILLAGES CLUBS DU SOLEIL<\/p>\n<p>&nbsp;<\/p>\n<h2>W<\/h2>\n<p>WEMET[\/vc_column_text][\/vc_column][\/vc_row][\/vc_section]<\/p>\n<\/div>","protected":false},"excerpt":{"rendered":"<p>[vc_row][vc_column][\/vc_column][\/vc_row][vc_section][vc_row][vc_column][vc_row_inner][vc_column_inner][vc_column_text css=&#8221;&#8221;]The list of 2026 exhibitors is not available yet.[\/vc_column_text][\/vc_column_inner][\/vc_row_inner][vc_row_inner disable_element=&#8221;yes&#8221;][vc_column_inner][\/vc_column_inner][\/vc_row_inner][\/vc_column][\/vc_row][vc_row disable_element=&#8221;yes&#8221;][vc_column width=&#8221;1\/2&#8243;][vc_column_text] A AC HOTEL &amp; RESIDENCE INN BY MARRIOTT STRASBOURG ANNECY TOURISME &amp; CONGRES ARTIST TEAM ATYPIO &nbsp; B BAM KARAOKE BOX BEST WESTERN H\u00d4TELS &amp; RESORTS &nbsp; C CERZA SAFARI LODGE CH\u00c2TEAU DE SAINT-JEAN DE BEAUREGARD CH\u00c2TEAU DES BROYERS CH\u00c2TEAU DU BOIS [&hellip;]<\/p>\n","protected":false},"author":6,"featured_media":0,"parent":0,"menu_order":0,"comment_status":"closed","ping_status":"closed","template":"","meta":{"footnotes":""},"class_list":["post-487","page","type-page","status-publish","hentry"],"yoast_head":"<!-- This site is optimized with the Yoast SEO plugin v26.9 - https:\/\/yoast.com\/product\/yoast-seo-wordpress\/ -->\n<title>Exhibitor List - Seminaire Expo<\/title>\n<meta name=\"robots\" content=\"index, follow, max-snippet:-1, max-image-preview:large, max-video-preview:-1\" \/>\n<link rel=\"canonical\" href=\"https:\/\/www.seminaire-expo.fr\/en\/exhibitor-list\" \/>\n<meta property=\"og:locale\" content=\"en_US\" \/>\n<meta property=\"og:type\" content=\"article\" \/>\n<meta property=\"og:title\" content=\"Exhibitor List - Seminaire Expo\" \/>\n<meta property=\"og:description\" content=\"[vc_row][vc_column][\/vc_column][\/vc_row][vc_section][vc_row][vc_column][vc_row_inner][vc_column_inner][vc_column_text css=&#8221;&#8221;]The list of 2026 exhibitors is not available yet.[\/vc_column_text][\/vc_column_inner][\/vc_row_inner][vc_row_inner disable_element=&#8221;yes&#8221;][vc_column_inner][\/vc_column_inner][\/vc_row_inner][\/vc_column][\/vc_row][vc_row disable_element=&#8221;yes&#8221;][vc_column width=&#8221;1\/2&#8243;][vc_column_text] A AC HOTEL &amp; RESIDENCE INN BY MARRIOTT STRASBOURG ANNECY TOURISME &amp; CONGRES ARTIST TEAM ATYPIO &nbsp; B BAM KARAOKE BOX BEST WESTERN H\u00d4TELS &amp; RESORTS &nbsp; C CERZA SAFARI LODGE CH\u00c2TEAU DE SAINT-JEAN DE BEAUREGARD CH\u00c2TEAU DES BROYERS CH\u00c2TEAU DU BOIS [&hellip;]\" \/>\n<meta property=\"og:url\" content=\"https:\/\/www.seminaire-expo.fr\/en\/exhibitor-list\" \/>\n<meta property=\"og:site_name\" content=\"Seminaire Expo\" \/>\n<meta property=\"article:publisher\" content=\"https:\/\/www.facebook.com\/seminairexpo\" \/>\n<meta property=\"article:modified_time\" content=\"2025-12-01T08:30:11+00:00\" \/>\n<meta name=\"twitter:card\" content=\"summary_large_image\" \/>\n<meta name=\"twitter:site\" content=\"@seminairexpo\" \/>\n<meta name=\"twitter:label1\" content=\"Est. reading time\" \/>\n\t<meta name=\"twitter:data1\" content=\"2 minutes\" \/>\n<script type=\"application\/ld+json\" class=\"yoast-schema-graph\">{\"@context\":\"https:\/\/schema.org\",\"@graph\":[{\"@type\":\"WebPage\",\"@id\":\"https:\/\/www.seminaire-expo.fr\/en\/exhibitor-list\",\"url\":\"https:\/\/www.seminaire-expo.fr\/en\/exhibitor-list\",\"name\":\"Exhibitor List - Seminaire Expo\",\"isPartOf\":{\"@id\":\"https:\/\/www.seminaire-expo.fr\/en#website\"},\"datePublished\":\"2020-01-29T14:54:56+00:00\",\"dateModified\":\"2025-12-01T08:30:11+00:00\",\"breadcrumb\":{\"@id\":\"https:\/\/www.seminaire-expo.fr\/en\/exhibitor-list#breadcrumb\"},\"inLanguage\":\"en-US\",\"potentialAction\":[{\"@type\":\"ReadAction\",\"target\":[\"https:\/\/www.seminaire-expo.fr\/en\/exhibitor-list\"]}]},{\"@type\":\"BreadcrumbList\",\"@id\":\"https:\/\/www.seminaire-expo.fr\/en\/exhibitor-list#breadcrumb\",\"itemListElement\":[{\"@type\":\"ListItem\",\"position\":1,\"name\":\"Home\",\"item\":\"https:\/\/salons.weyou-cms.com\/seminaire-expo\/en\"},{\"@type\":\"ListItem\",\"position\":2,\"name\":\"Exhibitor List\"}]},{\"@type\":\"WebSite\",\"@id\":\"https:\/\/www.seminaire-expo.fr\/en#website\",\"url\":\"https:\/\/www.seminaire-expo.fr\/en\",\"name\":\"Seminaire Expo\",\"description\":\"\",\"publisher\":{\"@id\":\"https:\/\/www.seminaire-expo.fr\/en#organization\"},\"potentialAction\":[{\"@type\":\"SearchAction\",\"target\":{\"@type\":\"EntryPoint\",\"urlTemplate\":\"https:\/\/www.seminaire-expo.fr\/en?s={search_term_string}\"},\"query-input\":{\"@type\":\"PropertyValueSpecification\",\"valueRequired\":true,\"valueName\":\"search_term_string\"}}],\"inLanguage\":\"en-US\"},{\"@type\":\"Organization\",\"@id\":\"https:\/\/www.seminaire-expo.fr\/en#organization\",\"name\":\"Seminaire Expo\",\"url\":\"https:\/\/www.seminaire-expo.fr\/en\",\"logo\":{\"@type\":\"ImageObject\",\"inLanguage\":\"en-US\",\"@id\":\"https:\/\/www.seminaire-expo.fr\/en#\/schema\/logo\/image\/\",\"url\":\"https:\/\/weyoumedia.blob.core.windows.net\/seminaire-expo\/sites\/4\/2024\/04\/cropped-SE_logo_2024_couleur-6617debf97dad.png\",\"contentUrl\":\"https:\/\/weyoumedia.blob.core.windows.net\/seminaire-expo\/sites\/4\/2024\/04\/cropped-SE_logo_2024_couleur-6617debf97dad.png\",\"width\":165,\"height\":175,\"caption\":\"Seminaire Expo\"},\"image\":{\"@id\":\"https:\/\/www.seminaire-expo.fr\/en#\/schema\/logo\/image\/\"},\"sameAs\":[\"https:\/\/www.facebook.com\/seminairexpo\",\"https:\/\/x.com\/seminairexpo\",\"https:\/\/www.linkedin.com\/company\/s\u00e9minaire-expo\/\",\"https:\/\/www.youtube.com\/channel\/UC26vS5fiqy2nHBAwlkp2aOw\"]}]}<\/script>\n<!-- \/ Yoast SEO plugin. -->","yoast_head_json":{"title":"Exhibitor List - Seminaire Expo","robots":{"index":"index","follow":"follow","max-snippet":"max-snippet:-1","max-image-preview":"max-image-preview:large","max-video-preview":"max-video-preview:-1"},"canonical":"https:\/\/www.seminaire-expo.fr\/en\/exhibitor-list","og_locale":"en_US","og_type":"article","og_title":"Exhibitor List - Seminaire Expo","og_description":"[vc_row][vc_column][\/vc_column][\/vc_row][vc_section][vc_row][vc_column][vc_row_inner][vc_column_inner][vc_column_text css=&#8221;&#8221;]The list of 2026 exhibitors is not available yet.[\/vc_column_text][\/vc_column_inner][\/vc_row_inner][vc_row_inner disable_element=&#8221;yes&#8221;][vc_column_inner][\/vc_column_inner][\/vc_row_inner][\/vc_column][\/vc_row][vc_row disable_element=&#8221;yes&#8221;][vc_column width=&#8221;1\/2&#8243;][vc_column_text] A AC HOTEL &amp; RESIDENCE INN BY MARRIOTT STRASBOURG ANNECY TOURISME &amp; CONGRES ARTIST TEAM ATYPIO &nbsp; B BAM KARAOKE BOX BEST WESTERN H\u00d4TELS &amp; RESORTS &nbsp; C CERZA SAFARI LODGE CH\u00c2TEAU DE SAINT-JEAN DE BEAUREGARD CH\u00c2TEAU DES BROYERS CH\u00c2TEAU DU BOIS [&hellip;]","og_url":"https:\/\/www.seminaire-expo.fr\/en\/exhibitor-list","og_site_name":"Seminaire Expo","article_publisher":"https:\/\/www.facebook.com\/seminairexpo","article_modified_time":"2025-12-01T08:30:11+00:00","twitter_card":"summary_large_image","twitter_site":"@seminairexpo","twitter_misc":{"Est. reading time":"2 minutes"},"schema":{"@context":"https:\/\/schema.org","@graph":[{"@type":"WebPage","@id":"https:\/\/www.seminaire-expo.fr\/en\/exhibitor-list","url":"https:\/\/www.seminaire-expo.fr\/en\/exhibitor-list","name":"Exhibitor List - Seminaire Expo","isPartOf":{"@id":"https:\/\/www.seminaire-expo.fr\/en#website"},"datePublished":"2020-01-29T14:54:56+00:00","dateModified":"2025-12-01T08:30:11+00:00","breadcrumb":{"@id":"https:\/\/www.seminaire-expo.fr\/en\/exhibitor-list#breadcrumb"},"inLanguage":"en-US","potentialAction":[{"@type":"ReadAction","target":["https:\/\/www.seminaire-expo.fr\/en\/exhibitor-list"]}]},{"@type":"BreadcrumbList","@id":"https:\/\/www.seminaire-expo.fr\/en\/exhibitor-list#breadcrumb","itemListElement":[{"@type":"ListItem","position":1,"name":"Home","item":"https:\/\/salons.weyou-cms.com\/seminaire-expo\/en"},{"@type":"ListItem","position":2,"name":"Exhibitor List"}]},{"@type":"WebSite","@id":"https:\/\/www.seminaire-expo.fr\/en#website","url":"https:\/\/www.seminaire-expo.fr\/en","name":"Seminaire Expo","description":"","publisher":{"@id":"https:\/\/www.seminaire-expo.fr\/en#organization"},"potentialAction":[{"@type":"SearchAction","target":{"@type":"EntryPoint","urlTemplate":"https:\/\/www.seminaire-expo.fr\/en?s={search_term_string}"},"query-input":{"@type":"PropertyValueSpecification","valueRequired":true,"valueName":"search_term_string"}}],"inLanguage":"en-US"},{"@type":"Organization","@id":"https:\/\/www.seminaire-expo.fr\/en#organization","name":"Seminaire Expo","url":"https:\/\/www.seminaire-expo.fr\/en","logo":{"@type":"ImageObject","inLanguage":"en-US","@id":"https:\/\/www.seminaire-expo.fr\/en#\/schema\/logo\/image\/","url":"https:\/\/weyoumedia.blob.core.windows.net\/seminaire-expo\/sites\/4\/2024\/04\/cropped-SE_logo_2024_couleur-6617debf97dad.png","contentUrl":"https:\/\/weyoumedia.blob.core.windows.net\/seminaire-expo\/sites\/4\/2024\/04\/cropped-SE_logo_2024_couleur-6617debf97dad.png","width":165,"height":175,"caption":"Seminaire Expo"},"image":{"@id":"https:\/\/www.seminaire-expo.fr\/en#\/schema\/logo\/image\/"},"sameAs":["https:\/\/www.facebook.com\/seminairexpo","https:\/\/x.com\/seminairexpo","https:\/\/www.linkedin.com\/company\/s\u00e9minaire-expo\/","https:\/\/www.youtube.com\/channel\/UC26vS5fiqy2nHBAwlkp2aOw"]}]}},"_links":{"self":[{"href":"https:\/\/www.seminaire-expo.fr\/en\/wp-json\/wp\/v2\/pages\/487","targetHints":{"allow":["GET"]}}],"collection":[{"href":"https:\/\/www.seminaire-expo.fr\/en\/wp-json\/wp\/v2\/pages"}],"about":[{"href":"https:\/\/www.seminaire-expo.fr\/en\/wp-json\/wp\/v2\/types\/page"}],"author":[{"embeddable":true,"href":"https:\/\/www.seminaire-expo.fr\/en\/wp-json\/wp\/v2\/users\/6"}],"replies":[{"embeddable":true,"href":"https:\/\/www.seminaire-expo.fr\/en\/wp-json\/wp\/v2\/comments?post=487"}],"version-history":[{"count":33,"href":"https:\/\/www.seminaire-expo.fr\/en\/wp-json\/wp\/v2\/pages\/487\/revisions"}],"predecessor-version":[{"id":3989,"href":"https:\/\/www.seminaire-expo.fr\/en\/wp-json\/wp\/v2\/pages\/487\/revisions\/3989"}],"wp:attachment":[{"href":"https:\/\/www.seminaire-expo.fr\/en\/wp-json\/wp\/v2\/media?parent=487"}],"curies":[{"name":"wp","href":"https:\/\/api.w.org\/{rel}","templated":true}]}}